{"id":32,"date":"2016-02-07T15:01:35","date_gmt":"2016-02-07T14:01:35","guid":{"rendered":"http:\/\/www.prosperia.hr\/?page_id=32"},"modified":"2023-01-30T11:48:44","modified_gmt":"2023-01-30T10:48:44","slug":"kontakt","status":"publish","type":"page","link":"https:\/\/www.prosperia.hr\/index.php\/kontakt\/","title":{"rendered":"Kontakt"},"content":{"rendered":"<h2 style=\"text-align: center;\"><span style=\"color: #e8cd60;\">Kontaktirajte nas i prosperirajte! <\/span><\/h2>\n<p>&nbsp;<\/p>\n<form class=\"wpcf7-form\" action=\"\/Prosperia\/wp-admin\/admin-ajax.php?_panelsnonce=681a262f37#wpcf7-f5-o1\" method=\"post\" novalidate=\"novalidate\"><input name=\"_wpcf7\" type=\"hidden\" value=\"5\"><br \/>\n<input name=\"_wpcf7_version\" type=\"hidden\" value=\"4.3.1\"><br \/>\n<input name=\"_wpcf7_locale\" type=\"hidden\" value=\"hr\"><br \/>\n<input name=\"_wpcf7_unit_tag\" type=\"hidden\" value=\"wpcf7-f5-o1\"><br \/>\n<input name=\"_wpnonce\" type=\"hidden\" value=\"1943144eac\">Va\u0161e ime (obavezno)<br \/>\n<span class=\"wpcf7-form-control-wrap your-name\"><input class=\"wpcf7-form-control wpcf7-text wpcf7-validates-as-required\" name=\"your-name\" size=\"40\" type=\"text\" value=\"\"><\/span><\/p>\n<p>Va\u0161 email (obavezno)<br \/>\n<span class=\"wpcf7-form-control-wrap your-email\"><input class=\"wpcf7-form-control wpcf7-text wpcf7-email wpcf7-validates-as-required wpcf7-validates-as-email\" name=\"your-email\" size=\"40\" type=\"email\" value=\"\"><\/span><\/p>\n<p>Ime tvrtke<br \/>\n<span class=\"wpcf7-form-control-wrap Imetvrtke\"><input class=\"wpcf7-form-control wpcf7-text\" name=\"Imetvrtke\" size=\"40\" type=\"text\" value=\"\"><\/span><\/p>\n<p>Kako ste do\u0161li do nas?<br \/>\n<span class=\"wpcf7-form-control-wrap kako_ste_dosli\"><select class=\"wpcf7-form-control wpcf7-select wpcf7-validates-as-required\" name=\"kako_ste_dosli\"><option value=\"Opcija 1\">Opcija 1<\/option><option value=\"Opcija 2\">Opcija 2<\/option><option value=\"Opcija 3\">Opcija 3<\/option><\/select><\/span><\/p>\n<p>Predmet<\/p>\n<p>Predmet<\/p>\n<p><span class=\"wpcf7-form-control-wrap your-subject\"><input class=\"wpcf7-form-control wpcf7-text\" name=\"your-subject\" size=\"40\" type=\"text\" value=\"\"><\/span><\/p>\n<p>Va\u0161a poruka<br \/>\n<span class=\"wpcf7-form-control-wrap your-message\"><textarea class=\"wpcf7-form-control wpcf7-textarea\" cols=\"40\" name=\"your-message\" rows=\"10\"><\/textarea><\/span><\/p>\n<p><input class=\"wpcf7-form-control wpcf7-submit\" type=\"submit\" value=\"Po\u0161alji\"><\/p>\n<\/form>\n<p>&nbsp;<\/p>\n","protected":false},"excerpt":{"rendered":"<p>Kontaktirajte nas i prosperirajte! &nbsp; Va\u0161e ime (obavezno) Va\u0161 email (obavezno) Ime tvrtke Kako ste do\u0161li do nas? Opcija 1Opcija 2Opcija 3 Predmet Predmet Va\u0161a poruka &nbsp;<\/p>\n","protected":false},"author":1,"featured_media":0,"parent":0,"menu_order":5,"comment_status":"closed","ping_status":"closed","template":"","meta":[],"_links":{"self":[{"href":"https:\/\/www.prosperia.hr\/index.php\/wp-json\/wp\/v2\/pages\/32"}],"collection":[{"href":"https:\/\/www.prosperia.hr\/index.php\/wp-json\/wp\/v2\/pages"}],"about":[{"href":"https:\/\/www.prosperia.hr\/index.php\/wp-json\/wp\/v2\/types\/page"}],"author":[{"embeddable":true,"href":"https:\/\/www.prosperia.hr\/index.php\/wp-json\/wp\/v2\/users\/1"}],"replies":[{"embeddable":true,"href":"https:\/\/www.prosperia.hr\/index.php\/wp-json\/wp\/v2\/comments?post=32"}],"version-history":[{"count":1,"href":"https:\/\/www.prosperia.hr\/index.php\/wp-json\/wp\/v2\/pages\/32\/revisions"}],"predecessor-version":[{"id":404,"href":"https:\/\/www.prosperia.hr\/index.php\/wp-json\/wp\/v2\/pages\/32\/revisions\/404"}],"wp:attachment":[{"href":"https:\/\/www.prosperia.hr\/index.php\/wp-json\/wp\/v2\/media?parent=32"}],"curies":[{"name":"wp","href":"https:\/\/api.w.org\/{rel}","templated":true}]}}