{"id":183,"date":"2016-02-12T19:30:03","date_gmt":"2016-02-12T18:30:03","guid":{"rendered":"http:\/\/www.prosperia.hr\/?page_id=183"},"modified":"2024-09-13T21:40:18","modified_gmt":"2024-09-13T20:40:18","slug":"usluge","status":"publish","type":"page","link":"https:\/\/www.prosperia.hr\/index.php\/usluge\/","title":{"rendered":"Usluge"},"content":{"rendered":"<h2 style=\"text-align: center;\"><span style=\"color: #e8cd60;\">Odaberite usluge koje \u0107e Vam unaprijediti i olak\u0161ati poslovanje<\/span><\/h2>\n<h5>Poslovno savjetovanje<\/h5>\n<ul>\n<li class=\"p1\"><span class=\"s1\">unapre\u0111enje poslovanja<\/span><\/li>\n<li>odr\u017eivi razvoj (ESG)<\/li>\n<li class=\"p1\">odre\u0111ivanje i realizacija ciljeva<\/li>\n<li class=\"p1\">scan poslovanja<\/li>\n<li>edukacije i radionice &#8211; odr\u017eivi razvoj, pristup u maloprodaji, osnove poslovne kulture, u\u0161tede \/ organizacija (reorganizacija)<\/li>\n<\/ul>\n<h5>Optimizacija poslovanja<\/h5>\n<ul>\n<li class=\"p1\"><span class=\"s1\">izrada poslovnog plana<\/span><\/li>\n<li class=\"p1\">izrada marketing plana<\/li>\n<li class=\"p1\">pove\u0107anje efikasnosti<\/li>\n<li class=\"p1\">pove\u0107anje prihoda<\/li>\n<li>poslovni procesi<\/li>\n<\/ul>\n<h5>Prodaja<\/h5>\n<ul>\n<li class=\"p1\"><span class=\"s1\">odre\u0111ivanje kanala prodaje<\/span><\/li>\n<li class=\"p1\">odre\u0111ivanje pristupa i koncepta<\/li>\n<li class=\"p1\">realizacija prema zadanom cilju<\/li>\n<li class=\"p1\">realizacija prema zadanom bud\u017eetu<\/li>\n<\/ul>\n<h5>Kreativno pisanje<\/h5>\n<ul>\n<li class=\"p1\"><span class=\"s1\">prezentacije<\/span><\/li>\n<li class=\"p1\"><span class=\"s1\">predstavljanja<\/span><\/li>\n<li class=\"p1\"><span class=\"s1\">PR<\/span><\/li>\n<li class=\"p1\"><span class=\"s1\">\u010dlanci \/ bro\u0161ure \/ katalozi<\/span><\/li>\n<li class=\"p1\"><span class=\"s1\">ostalo prema upitu<\/span><\/li>\n<\/ul>\n<h5 style=\"text-align: left;\">Ostale usluge<\/h5>\n<ul>\n<li class=\"p1\" style=\"text-align: left;\"><span class=\"s1\">prikupljanje sredstava<\/span><\/li>\n<li class=\"p1\" style=\"text-align: left;\"><span class=\"s1\">pregovaranje<\/span><\/li>\n<li class=\"p1\" style=\"text-align: left;\"><span class=\"s1\">administrativne usluge<\/span><\/li>\n<li class=\"p1\" style=\"text-align: left;\"><span class=\"s1\">HR<\/span><\/li>\n<\/ul>\n<h5 class=\"p1\"><span class=\"s1\" style=\"color: #808080;\"><b><a style=\"color: #808080;\" href=\"mailto:info@prosperia.hr\">Ukoliko Vam je potrebna poslovna usluga koja nije navedena, po\u0161aljite nam upit i navedite Va\u0161e \u017eelje.<\/a><\/b><\/span><\/h5>\n","protected":false},"excerpt":{"rendered":"<p>Odaberite usluge koje \u0107e Vam unaprijediti i olak\u0161ati poslovanje Poslovno savjetovanje unapre\u0111enje poslovanja odr\u017eivi razvoj (ESG) odre\u0111ivanje i realizacija ciljeva scan poslovanja edukacije i radionice &#8211; odr\u017eivi razvoj, pristup u maloprodaji, osnove poslovne kulture, u\u0161tede \/ organizacija (reorganizacija) Optimizacija poslovanja izrada poslovnog plana izrada marketing plana pove\u0107anje efikasnosti pove\u0107anje prihoda poslovni procesi Prodaja odre\u0111ivanje kanala &hellip; <a href=\"https:\/\/www.prosperia.hr\/index.php\/usluge\/\" title=\"Usluge\" class=\"read-more\">Read More<\/a><\/p>\n","protected":false},"author":1,"featured_media":0,"parent":0,"menu_order":2,"comment_status":"closed","ping_status":"closed","template":"","meta":[],"_links":{"self":[{"href":"https:\/\/www.prosperia.hr\/index.php\/wp-json\/wp\/v2\/pages\/183"}],"collection":[{"href":"https:\/\/www.prosperia.hr\/index.php\/wp-json\/wp\/v2\/pages"}],"about":[{"href":"https:\/\/www.prosperia.hr\/index.php\/wp-json\/wp\/v2\/types\/page"}],"author":[{"embeddable":true,"href":"https:\/\/www.prosperia.hr\/index.php\/wp-json\/wp\/v2\/users\/1"}],"replies":[{"embeddable":true,"href":"https:\/\/www.prosperia.hr\/index.php\/wp-json\/wp\/v2\/comments?post=183"}],"version-history":[{"count":7,"href":"https:\/\/www.prosperia.hr\/index.php\/wp-json\/wp\/v2\/pages\/183\/revisions"}],"predecessor-version":[{"id":438,"href":"https:\/\/www.prosperia.hr\/index.php\/wp-json\/wp\/v2\/pages\/183\/revisions\/438"}],"wp:attachment":[{"href":"https:\/\/www.prosperia.hr\/index.php\/wp-json\/wp\/v2\/media?parent=183"}],"curies":[{"name":"wp","href":"https:\/\/api.w.org\/{rel}","templated":true}]}}