{"id":10,"date":"2016-02-06T00:27:23","date_gmt":"2016-02-05T23:27:23","guid":{"rendered":"http:\/\/www.prosperia.hr\/?page_id=10"},"modified":"2024-02-27T14:24:26","modified_gmt":"2024-02-27T13:24:26","slug":"o-nama","status":"publish","type":"page","link":"https:\/\/www.prosperia.hr\/index.php\/o-nama\/","title":{"rendered":"O nama"},"content":{"rendered":"<h2 style=\"text-align: center;\"><span style=\"color: #e8cd60;\">Uz na\u0161u pomo\u0107, ostvarite \u017eeljene rezultate, dosegnite zadane ciljeve, iskoristite prilike, osigurajte optimalni razvoj!<\/span><\/h2>\n<h2><span style=\"color: #e8cd60;\">Za\u0161to Prosperia?<\/span><\/h2>\n<p class=\"p1\"><span class=\"s1\">Danas, kad se poslovni svijet kre\u0107e sve br\u017ee, zahtijeva sve ve\u0107u profesionalnost i znanja uz sve manje vremena za pojedini zadatak. <\/span><\/p>\n<p class=\"p1\"><span class=\"s1\">S druge strane, poduze\u0107a nemaju dovoljna sredstva za profesionalni razvoj i zapo\u0161ljavanje novih kadrova ili samo povremeno imaju potrebu za odre\u0111enim kadrom.<\/span><\/p>\n<p class=\"p1\"><span class=\"s1\">Sama po sebi, name\u0107e se potreba za anga\u017eiranjem povremenih profesionalnih usluga kako bi se adekvatno ispunile potrebe poslovanja.<\/span><\/p>\n<p class=\"p1\"><span class=\"s1\">Nudimo kvalitetnu podr\u0161ku u poslovanju, prvenstveno manjim i srednjim poduze\u0107ima kojima je <b>potrebna povremena usluga za odre\u0111ena radna mjesta.<br \/><\/b>Na taj na\u010din osigurana je znatna u\u0161teda vremena i financijskih sredstava. <\/span><\/p>\n<p class=\"p1\"><span class=\"s1\">Nema zapo\u0161ljavanja novih kadrova, ve\u0107 se anga\u017eira potrebna usluga u odre\u0111enom periodu prema potrebama poslovanja.<\/span><\/p>\n<p class=\"p1\"><span class=\"s1\"><b><span style=\"color: #e8cd60;\">Kontaktirajte nas i prosperirajte!<\/span><br \/><\/b><\/span><\/p>\n<p class=\"p1\">\u00a0<\/p>\n<h2 style=\"text-align: left;\"><span style=\"color: #e8cd60;\">Kako \u0107e te\u0107i na\u0161a suradnja?<\/span><\/h2>\n<p class=\"p1\"><span class=\"s1\">Kontaktirate nas, iznesete svoje potrebe i odredite rok, cilj i bud\u017eet &#8230; ili ni\u0161ta od toga, odnosno, nakon definiranja Va\u0161ih potreba, nama prepustite da predlo\u017eimo rokove, ciljeve i naravno vrijednost projekta.<\/span><\/p>\n<h2 style=\"text-align: left;\"><span style=\"color: #e8cd60;\">Misija i ciljevi<\/span><\/h2>\n<ul style=\"list-style-type: circle;\">\n<li style=\"text-align: left;\">Svakom projektu i svakom korisniku osigurati individualni pristup, uz prepoznavanje jedinstvenih potreba.<\/li>\n<li style=\"text-align: left;\">Biti pouzdana podr\u0161ka u svakodnevnom poslovanju.<\/li>\n<li style=\"text-align: left;\">Biti pouzdana podr\u0161ka na svakom projektu.<\/li>\n<li style=\"text-align: left;\">Pru\u017eiti pomo\u0107 i podr\u0161ku u ostvarivanju \u017eeljenih ciljeva.<\/li>\n<li style=\"text-align: left;\">Omogu\u0107iti poduze\u0107u adekvatan nastup na sve zahtjevnijem tr\u017ei\u0161tu te ostvarenje maksimuma u svome poslovanju.<\/li>\n<li style=\"text-align: left;\">Uz stru\u010dna znanja i profesionalnost, kreativnost i inovativnost u pristupu te realizaciji zadataka, cilj nam je osigurati mjerljive rezultate.<\/li>\n<\/ul>\n\n\n<p><\/p>\n","protected":false},"excerpt":{"rendered":"<p>Uz na\u0161u pomo\u0107, ostvarite \u017eeljene rezultate, dosegnite zadane ciljeve, iskoristite prilike, osigurajte optimalni razvoj! Za\u0161to Prosperia? Danas, kad se poslovni svijet kre\u0107e sve br\u017ee, zahtijeva sve ve\u0107u profesionalnost i znanja uz sve manje vremena za pojedini zadatak. S druge strane, poduze\u0107a nemaju dovoljna sredstva za profesionalni razvoj i zapo\u0161ljavanje novih kadrova ili samo povremeno imaju &hellip; <a href=\"https:\/\/www.prosperia.hr\/index.php\/o-nama\/\" title=\"O nama\" class=\"read-more\">Read More<\/a><\/p>\n","protected":false},"author":1,"featured_media":0,"parent":0,"menu_order":3,"comment_status":"closed","ping_status":"closed","template":"","meta":[],"_links":{"self":[{"href":"https:\/\/www.prosperia.hr\/index.php\/wp-json\/wp\/v2\/pages\/10"}],"collection":[{"href":"https:\/\/www.prosperia.hr\/index.php\/wp-json\/wp\/v2\/pages"}],"about":[{"href":"https:\/\/www.prosperia.hr\/index.php\/wp-json\/wp\/v2\/types\/page"}],"author":[{"embeddable":true,"href":"https:\/\/www.prosperia.hr\/index.php\/wp-json\/wp\/v2\/users\/1"}],"replies":[{"embeddable":true,"href":"https:\/\/www.prosperia.hr\/index.php\/wp-json\/wp\/v2\/comments?post=10"}],"version-history":[{"count":6,"href":"https:\/\/www.prosperia.hr\/index.php\/wp-json\/wp\/v2\/pages\/10\/revisions"}],"predecessor-version":[{"id":429,"href":"https:\/\/www.prosperia.hr\/index.php\/wp-json\/wp\/v2\/pages\/10\/revisions\/429"}],"wp:attachment":[{"href":"https:\/\/www.prosperia.hr\/index.php\/wp-json\/wp\/v2\/media?parent=10"}],"curies":[{"name":"wp","href":"https:\/\/api.w.org\/{rel}","templated":true}]}}